{"id":6,"date":"2020-09-08T06:53:31","date_gmt":"2020-09-08T06:53:31","guid":{"rendered":"https:\/\/coworkingesfera.com\/?page_id=6"},"modified":"2020-09-09T15:55:30","modified_gmt":"2020-09-09T15:55:30","slug":"esfera-coworking-valencia-c-quart-128-valencia","status":"publish","type":"page","link":"https:\/\/coworkingesfera.com\/","title":{"rendered":"Esfera Coworking Valencia | C\/ Quart 128 Valencia"},"content":{"rendered":"<p>[et_pb_section fb_built=\u00bb1&#8243; _builder_version=\u00bb4.4.1&#8243;][et_pb_row column_structure=\u00bb1_2,1_2&#8243; _builder_version=\u00bb4.4.1&#8243;][et_pb_column type=\u00bb1_2&#8243; _builder_version=\u00bb4.4.1&#8243;][et_pb_text _builder_version=\u00bb4.4.1&#8243; text_font=\u00bbUbuntu|700|||||||\u00bb text_text_color=\u00bbrgba(22,49,127,0.8)\u00bb text_font_size=\u00bb18px\u00bb header_2_font=\u00bbUbuntu|700|||||||\u00bb header_2_text_color=\u00bb#16317f\u00bb header_2_font_size=\u00bb45px\u00bb header_2_line_height=\u00bb1.1em\u00bb width=\u00bb90%\u00bb width_tablet=\u00bb\u00bb width_phone=\u00bb100%\u00bb width_last_edited=\u00bbon|desktop\u00bb header_2_font_size_tablet=\u00bb\u00bb header_2_font_size_phone=\u00bb36px\u00bb header_2_font_size_last_edited=\u00bbon|phone\u00bb]<\/p>\n<h2>Tu espacio de trabajo Safe&amp;Protect desde 130\u20ac\/mes.<\/h2>\n<p><span><br \/> Puestos fijos de trabajo a 5 minutos de las torres de Quart en Valencia.<\/span><\/p>\n<p>[\/et_pb_text][\/et_pb_column][et_pb_column type=\u00bb1_2&#8243; _builder_version=\u00bb4.4.1&#8243;][dvppl_cf7_styler use_form_header=\u00bbon\u00bb form_header_title=\u00bb\u00danete a nuestro ecosistema\u00bb form_header_text=\u00bbD\u00e9janos tus datos y te responderemos a la brevedad.\u00bb form_header_bottom=\u00bb20px\u00bb form_padding=\u00bb||||false|false\u00bb use_form_button_fullwidth=\u00bbon\u00bb cf7=\u00bb31&#8243; form_background_color=\u00bbrgba(22,49,127,0.5)\u00bb form_field_active_color=\u00bb#FFFFFF\u00bb _builder_version=\u00bb4.4.1&#8243; form_field_font_font=\u00bbUbuntu|500|||||||\u00bb form_field_font_text_color=\u00bb#FFFFFF\u00bb title_font=\u00bbUbuntu|700|||||||\u00bb title_text_color=\u00bb#16317f\u00bb title_font_size=\u00bb25px\u00bb text_font=\u00bbUbuntu||||||||\u00bb text_text_color=\u00bbrgba(0,0,0,0.75)\u00bb text_font_size=\u00bb15px\u00bb text_line_height=\u00bb1.2em\u00bb custom_submit_button=\u00bbon\u00bb submit_button_text_color=\u00bb#16317f\u00bb submit_button_bg_color=\u00bb#a4ec0f\u00bb submit_button_border_width=\u00bb0px\u00bb submit_button_font=\u00bbUbuntu|500|||||||\u00bb submit_button_custom_padding=\u00bb10px||10px||false|false\u00bb custom_padding=\u00bb30px|30px||30px|false|false\u00bb submit_button_text_size_tablet=\u00bb\u00bb submit_button_text_size_phone=\u00bb14px\u00bb submit_button_text_size_last_edited=\u00bbon|phone\u00bb custom_css_main_element=\u00bbpadding-bottom:0px;\u00bb custom_css_cf7_fields=\u00bbmargin-bottom:10px;||color:#fff!important;\u00bb border_radii=\u00bbon|20px|20px|20px|20px\u00bb border_width_all=\u00bb3px\u00bb border_color_all=\u00bb#16317f\u00bb border_radii_field=\u00bbon|5px|5px|5px|5px\u00bb border_color_all_field=\u00bbrgba(0,0,0,0)\u00bb][\/dvppl_cf7_styler][\/et_pb_column][\/et_pb_row][\/et_pb_section][et_pb_section fb_built=\u00bb1&#8243; custom_padding_last_edited=\u00bbon|phone\u00bb _builder_version=\u00bb4.4.1&#8243; use_background_color_gradient=\u00bbon\u00bb background_color_gradient_start=\u00bbrgba(0,0,0,0.4)\u00bb background_color_gradient_end=\u00bbrgba(0,0,0,0.2)\u00bb background_color_gradient_overlays_image=\u00bbon\u00bb background_image=\u00bbhttps:\/\/coworkingesfera.com\/wp-content\/uploads\/2020\/09\/CoWorking-1057-Custom.jpg\u00bb custom_padding=\u00bb150px||100px||false|false\u00bb custom_padding_tablet=\u00bb\u00bb custom_padding_phone=\u00bb80px||80px||false|false\u00bb][et_pb_row _builder_version=\u00bb4.4.1&#8243;][et_pb_column type=\u00bb4_4&#8243; _builder_version=\u00bb4.4.1&#8243;][et_pb_text _builder_version=\u00bb4.4.1&#8243; text_font=\u00bbUbuntu|700|||||||\u00bb text_text_color=\u00bb#FFFFFF\u00bb text_font_size=\u00bb18px\u00bb header_text_color=\u00bb#FFFFFF\u00bb header_2_font=\u00bbUbuntu|700|||||||\u00bb header_2_text_color=\u00bb#FFFFFF\u00bb header_2_font_size=\u00bb46px\u00bb width=\u00bb80%\u00bb width_tablet=\u00bb\u00bb width_phone=\u00bb90%\u00bb width_last_edited=\u00bbon|phone\u00bb header_2_font_size_tablet=\u00bb\u00bb header_2_font_size_phone=\u00bb36px\u00bb header_2_font_size_last_edited=\u00bbon|phone\u00bb]<\/p>\n<h2>Tu espacio, tu sala de reuniones, tu networking, tu no mezclar tu casa con el trabajo.<\/h2>\n<p><span><br \/>#esferacoworking<\/span><\/p>\n<p>[\/et_pb_text][\/et_pb_column][\/et_pb_row][\/et_pb_section][et_pb_section fb_built=\u00bb1&#8243; module_id=\u00bbcursos\u00bb _builder_version=\u00bb4.4.1&#8243;][et_pb_row _builder_version=\u00bb4.4.1&#8243;][et_pb_column type=\u00bb4_4&#8243; _builder_version=\u00bb4.4.1&#8243;][et_pb_text _builder_version=\u00bb4.4.1&#8243; text_font=\u00bbUbuntu||||||||\u00bb text_text_color=\u00bbrgba(22, 49, 127, 0.8);\u00bb text_font_size=\u00bb16px\u00bb header_2_font=\u00bbUbuntu|700|||||||\u00bb header_2_text_align=\u00bbcenter\u00bb header_2_text_color=\u00bb#16317f\u00bb header_2_font_size=\u00bb30px\u00bb width=\u00bb100%\u00bb width_last_edited=\u00bboff|desktop\u00bb module_alignment=\u00bbcenter\u00bb header_2_font_size_tablet=\u00bb\u00bb header_2_font_size_phone=\u00bb28px\u00bb header_2_font_size_last_edited=\u00bbon|desktop\u00bb]<\/p>\n<h2>Planes adaptados a tus necesidades<\/h2>\n<p style=\"text-align: center;\">\u00a1Y las de tu equipo!<\/p>\n<p>[\/et_pb_text][\/et_pb_column][\/et_pb_row][et_pb_row column_structure=\u00bb1_3,1_3,1_3&#8243; use_custom_gutter=\u00bbon\u00bb gutter_width=\u00bb2&#8243; make_equal=\u00bbon\u00bb _builder_version=\u00bb4.4.1&#8243;][et_pb_column type=\u00bb1_3&#8243; _builder_version=\u00bb4.4.1&#8243;][et_pb_cta title=\u00bbPuesto Fijo\u00bb button_url=\u00bb#\u00bb button_text=\u00bbDesde 130\u20ac por mes\u00bb _builder_version=\u00bb4.4.1&#8243; header_font=\u00bbUbuntu||||||||\u00bb header_text_color=\u00bb#16317f\u00bb body_font=\u00bbUbuntu||||||||\u00bb body_text_color=\u00bb#16317f\u00bb background_color=\u00bbrgba(0,0,0,0)\u00bb custom_button=\u00bbon\u00bb button_text_size=\u00bb15px\u00bb button_text_color=\u00bb#FFFFFF\u00bb button_bg_color=\u00bb#a4ec0f\u00bb button_font=\u00bbUbuntu||||||||\u00bb custom_padding=\u00bb30px|15px|30px|15px|false|false\u00bb link_option_url=\u00bb#\u00bb border_radii=\u00bbon|5px|5px|5px|5px\u00bb border_width_all=\u00bb2px\u00bb border_color_all=\u00bb#16317f\u00bb background__hover_enabled=\u00bboff|desktop\u00bb]<\/p>\n<p>Acceso 24hs \/ 365 d\u00edas<br \/>A partir del 3er mes, 150\u20ac + IVA<\/p>\n<p>[\/et_pb_cta][\/et_pb_column][et_pb_column type=\u00bb1_3&#8243; _builder_version=\u00bb4.4.1&#8243;][et_pb_cta title=\u00bbPuesto Fijo Individual\u00bb button_url=\u00bb#\u00bb button_text=\u00bbDesde 200\u20ac por mes\u00bb button_text_last_edited=\u00bboff|desktop\u00bb _builder_version=\u00bb4.4.1&#8243; header_font=\u00bbUbuntu||||||||\u00bb header_text_color=\u00bb#16317f\u00bb body_font=\u00bbUbuntu||||||||\u00bb body_text_color=\u00bb#16317f\u00bb background_color=\u00bbrgba(0,0,0,0)\u00bb custom_button=\u00bbon\u00bb button_text_size=\u00bb15px\u00bb button_text_color=\u00bb#FFFFFF\u00bb button_bg_color=\u00bb#a4ec0f\u00bb button_font=\u00bbUbuntu||||||||\u00bb custom_padding=\u00bb30px|15px|30px|15px|false|false\u00bb link_option_url=\u00bb#\u00bb border_radii=\u00bbon|5px|5px|5px|5px\u00bb border_width_all=\u00bb2px\u00bb border_color_all=\u00bb#16317f\u00bb]24hs \/ 365 d\u00edas<br \/>\nEscritorio apartado[\/et_pb_cta][\/et_pb_column][et_pb_column type=\u00bb1_3&#8243; _builder_version=\u00bb4.4.1&#8243;][et_pb_cta title=\u00bbEscritorio Equipos\u00bb button_url=\u00bb#\u00bb button_text=\u00bbDesde 300\u20ac por mes\u00bb _builder_version=\u00bb4.4.1&#8243; header_font=\u00bbUbuntu||||||||\u00bb header_text_color=\u00bb#16317f\u00bb body_font=\u00bbUbuntu||||||||\u00bb body_text_color=\u00bb#16317f\u00bb background_color=\u00bbrgba(0,0,0,0)\u00bb custom_button=\u00bbon\u00bb button_text_size=\u00bb15px\u00bb button_text_color=\u00bb#FFFFFF\u00bb button_bg_color=\u00bb#a4ec0f\u00bb button_font=\u00bbUbuntu||||||||\u00bb custom_padding=\u00bb30px|15px|30px|15px|false|false\u00bb link_option_url=\u00bb#\u00bb border_radii=\u00bbon|5px|5px|5px|5px\u00bb border_width_all=\u00bb2px\u00bb border_color_all=\u00bb#16317f\u00bb]Acceso 24hs \/ 365 d\u00edas<br \/>\nPara equipos de 2 hasta 4 personas[\/et_pb_cta][\/et_pb_column][\/et_pb_row][\/et_pb_section][et_pb_section fb_built=\u00bb1&#8243; module_id=\u00bbporque\u00bb _builder_version=\u00bb4.4.1&#8243; background_color=\u00bb#a4ec0f\u00bb][et_pb_row _builder_version=\u00bb4.4.1&#8243;][et_pb_column type=\u00bb4_4&#8243; _builder_version=\u00bb4.4.1&#8243;][et_pb_text _builder_version=\u00bb4.4.1&#8243; text_font=\u00bbUbuntu||||||||\u00bb text_text_color=\u00bbrgba(22, 49, 127, 0.8);\u00bb text_font_size=\u00bb16px\u00bb header_2_font=\u00bbUbuntu|700|||||||\u00bb header_2_text_align=\u00bbcenter\u00bb header_2_text_color=\u00bb#16317f\u00bb header_2_font_size=\u00bb30px\u00bb width=\u00bb100%\u00bb width_last_edited=\u00bboff|desktop\u00bb module_alignment=\u00bbcenter\u00bb header_2_font_size_tablet=\u00bb\u00bb header_2_font_size_phone=\u00bb28px\u00bb header_2_font_size_last_edited=\u00bbon|desktop\u00bb]<\/p>\n<h2>Servicios inclu\u00eddos en todos los planes<\/h2>\n<p>[\/et_pb_text][\/et_pb_column][\/et_pb_row][et_pb_row column_structure=\u00bb1_3,1_3,1_3&#8243; _builder_version=\u00bb4.4.1&#8243;][et_pb_column type=\u00bb1_3&#8243; _builder_version=\u00bb4.4.1&#8243;][et_pb_text _builder_version=\u00bb4.4.1&#8243; text_font=\u00bbUbuntu|500|||||||\u00bb text_text_color=\u00bb#16317f\u00bb text_font_size=\u00bb19px\u00bb text_orientation=\u00bbcenter\u00bb]<\/p>\n<p><span class=\"iconify\" data-inline=\"false\" data-icon=\"bx:bxs-check-circle\" style=\"color: #16317f; font-size: 18px;\"><\/span> Acceso y dispositivos contactless<\/p>\n<p>[\/et_pb_text][\/et_pb_column][et_pb_column type=\u00bb1_3&#8243; _builder_version=\u00bb4.4.1&#8243;][et_pb_text _builder_version=\u00bb4.4.1&#8243; text_font=\u00bbUbuntu|500|||||||\u00bb text_text_color=\u00bb#16317f\u00bb text_font_size=\u00bb19px\u00bb text_orientation=\u00bbcenter\u00bb]<\/p>\n<p><span class=\"iconify\" data-inline=\"false\" data-icon=\"bx:bxs-check-circle\" style=\"color: #16317f; font-size: 18px;\"><\/span> Limpieza peri\u00f3dica<\/p>\n<p>[\/et_pb_text][\/et_pb_column][et_pb_column type=\u00bb1_3&#8243; _builder_version=\u00bb4.4.1&#8243;][et_pb_text _builder_version=\u00bb4.4.1&#8243; text_font=\u00bbUbuntu|500|||||||\u00bb text_text_color=\u00bb#16317f\u00bb text_font_size=\u00bb19px\u00bb text_orientation=\u00bbcenter\u00bb]<\/p>\n<p><span class=\"iconify\" data-inline=\"false\" data-icon=\"bx:bxs-check-circle\" style=\"color: #16317f; font-size: 18px;\"><\/span> Posibilidad de mampara divisoras<\/p>\n<p>[\/et_pb_text][\/et_pb_column][\/et_pb_row][et_pb_row column_structure=\u00bb1_3,1_3,1_3&#8243; _builder_version=\u00bb4.4.1&#8243; width=\u00bb90%\u00bb max_width=\u00bb85%\u00bb][et_pb_column type=\u00bb1_3&#8243; _builder_version=\u00bb4.4.1&#8243;][et_pb_text _builder_version=\u00bb4.4.1&#8243; text_font=\u00bbUbuntu|500|||||||\u00bb text_text_color=\u00bb#16317f\u00bb text_font_size=\u00bb19px\u00bb text_orientation=\u00bbcenter\u00bb]<\/p>\n<p><span class=\"iconify\" data-inline=\"false\" data-icon=\"bx:bxs-check-circle\" style=\"color: #16317f; font-size: 18px;\"><\/span> Climatizaci\u00f3n fr\u00edo\/calor<\/p>\n<p>[\/et_pb_text][\/et_pb_column][et_pb_column type=\u00bb1_3&#8243; _builder_version=\u00bb4.4.1&#8243;][et_pb_text _builder_version=\u00bb4.4.1&#8243; text_font=\u00bbUbuntu|500|||||||\u00bb text_text_color=\u00bb#16317f\u00bb text_font_size=\u00bb19px\u00bb text_orientation=\u00bbcenter\u00bb]<\/p>\n<p><span class=\"iconify\" data-inline=\"false\" data-icon=\"bx:bxs-check-circle\" style=\"color: #16317f; font-size: 18px;\"><\/span> Kitchen \/ Bath full<\/p>\n<p>[\/et_pb_text][\/et_pb_column][et_pb_column type=\u00bb1_3&#8243; _builder_version=\u00bb4.4.1&#8243;][et_pb_text _builder_version=\u00bb4.4.1&#8243; text_font=\u00bbUbuntu|500|||||||\u00bb text_text_color=\u00bb#16317f\u00bb text_font_size=\u00bb19px\u00bb text_orientation=\u00bbcenter\u00bb]<\/p>\n<p><span class=\"iconify\" data-inline=\"false\" data-icon=\"bx:bxs-check-circle\" style=\"color: #16317f; font-size: 18px;\"><\/span> Sala de reuniones on\/off<\/p>\n<p>[\/et_pb_text][\/et_pb_column][\/et_pb_row][et_pb_row column_structure=\u00bb1_3,1_3,1_3&#8243; _builder_version=\u00bb4.4.1&#8243; width=\u00bb90%\u00bb max_width=\u00bb85%\u00bb][et_pb_column type=\u00bb1_3&#8243; _builder_version=\u00bb4.4.1&#8243;][et_pb_text _builder_version=\u00bb4.4.1&#8243; text_font=\u00bbUbuntu|500|||||||\u00bb text_text_color=\u00bb#16317f\u00bb text_font_size=\u00bb19px\u00bb text_orientation=\u00bbcenter\u00bb]<\/p>\n<p><span class=\"iconify\" data-inline=\"false\" data-icon=\"bx:bxs-check-circle\" style=\"color: #16317f; font-size: 18px;\"><\/span>Seguridad monitoreada<\/p>\n<p>[\/et_pb_text][\/et_pb_column][et_pb_column type=\u00bb1_3&#8243; _builder_version=\u00bb4.4.1&#8243;][et_pb_text _builder_version=\u00bb4.4.1&#8243; text_font=\u00bbUbuntu|500|||||||\u00bb text_text_color=\u00bb#16317f\u00bb text_font_size=\u00bb19px\u00bb text_orientation=\u00bbcenter\u00bb]<\/p>\n<p><span class=\"iconify\" data-inline=\"false\" data-icon=\"bx:bxs-check-circle\" style=\"color: #16317f; font-size: 18px;\"><\/span>Consigna, cajonera y correo con llave<\/p>\n<p>[\/et_pb_text][\/et_pb_column][et_pb_column type=\u00bb1_3&#8243; _builder_version=\u00bb4.4.1&#8243;][et_pb_text _builder_version=\u00bb4.4.1&#8243; text_font=\u00bbUbuntu|500|||||||\u00bb text_text_color=\u00bb#16317f\u00bb text_font_size=\u00bb19px\u00bb text_orientation=\u00bbcenter\u00bb]<\/p>\n<p><span class=\"iconify\" data-inline=\"false\" data-icon=\"bx:bxs-check-circle\" style=\"color: #16317f; font-size: 18px;\"><\/span> WiFi alta velocidad<\/p>\n<p>[\/et_pb_text][\/et_pb_column][\/et_pb_row][\/et_pb_section][et_pb_section fb_built=\u00bb1&#8243; _builder_version=\u00bb4.4.1&#8243; border_width_top=\u00bb1px\u00bb border_color_top=\u00bb#dedede\u00bb][et_pb_row column_structure=\u00bb1_2,1_2&#8243; _builder_version=\u00bb4.4.1&#8243;][et_pb_column type=\u00bb1_2&#8243; _builder_version=\u00bb4.4.1&#8243;][et_pb_text _builder_version=\u00bb4.4.1&#8243; text_font=\u00bbUbuntu||||||||\u00bb text_text_color=\u00bbrgba(22,49,127,0.8)\u00bb text_font_size=\u00bb16px\u00bb header_text_align=\u00bbleft\u00bb header_2_font=\u00bbUbuntu|700|||||||\u00bb header_2_text_align=\u00bbleft\u00bb header_2_text_color=\u00bb#16317f\u00bb header_2_font_size=\u00bb30px\u00bb width=\u00bb72%\u00bb width_tablet=\u00bb\u00bb width_phone=\u00bb100%\u00bb width_last_edited=\u00bbon|phone\u00bb module_alignment=\u00bbleft\u00bb header_2_text_align_tablet=\u00bb\u00bb header_2_text_align_phone=\u00bbcenter\u00bb header_2_text_align_last_edited=\u00bbon|desktop\u00bb header_2_font_size_tablet=\u00bb\u00bb header_2_font_size_phone=\u00bb28px\u00bb header_2_font_size_last_edited=\u00bbon|desktop\u00bb]<\/p>\n<h2>Instalaciones a estrenar y dispositivos contactless<\/h2>\n<p>[\/et_pb_text][et_pb_text _builder_version=\u00bb4.4.1&#8243; text_font=\u00bbUbuntu||||||||\u00bb text_text_color=\u00bbrgba(22,49,127,0.8)\u00bb text_font_size=\u00bb16px\u00bb header_2_font=\u00bbUbuntu|700|||||||\u00bb header_2_text_color=\u00bb#16317f\u00bb header_2_font_size=\u00bb40px\u00bb width=\u00bb90%\u00bb width_tablet=\u00bb\u00bb width_phone=\u00bb100%\u00bb width_last_edited=\u00bbon|phone\u00bb header_2_font_size_tablet=\u00bb\u00bb header_2_font_size_phone=\u00bb28px\u00bb header_2_font_size_last_edited=\u00bbon|phone\u00bb text_orientation_tablet=\u00bb\u00bb text_orientation_phone=\u00bbcenter\u00bb text_orientation_last_edited=\u00bbon|phone\u00bb]<\/p>\n<p>Hemos desarrollado un espacio para sentirnos c\u00f3modos y seguros.<\/p>\n<p>Instalaciones de alta calidad dise\u00f1adas con escritorios y zonas de paso muy amplios.<\/p>\n<p>Grifer\u00edas, iluminaci\u00f3n, dispensadores de alcohol y jab\u00f3n por detecci\u00f3n de movimiento.<\/p>\n<p>Posibilidad de separar cada puesto de trabajo por mamparas, una sala de reuniones presenciales y virtuales. Consigna, mobiliario y correo postal con llave privada.<\/p>\n<p>[\/et_pb_text][\/et_pb_column][et_pb_column type=\u00bb1_2&#8243; _builder_version=\u00bb4.4.1&#8243;][et_pb_gallery gallery_ids=\u00bb54,65,61,56,58,60,68,69,70,71,72&#8243; fullwidth=\u00bbon\u00bb _builder_version=\u00bb4.4.1&#8243; transform_scale=\u00bb122%|122%\u00bb transform_scale_tablet=\u00bb\u00bb transform_scale_phone=\u00bb108%|108%\u00bb transform_scale_last_edited=\u00bbon|desktop\u00bb transform_translate_tablet=\u00bb\u00bb transform_translate_phone=\u00bb\u00bb transform_translate_last_edited=\u00bbon|desktop\u00bb transform_rotate_tablet=\u00bb\u00bb transform_rotate_phone=\u00bb\u00bb transform_rotate_last_edited=\u00bbon|desktop\u00bb transform_skew_tablet=\u00bb\u00bb transform_skew_phone=\u00bb\u00bb transform_skew_last_edited=\u00bbon|desktop\u00bb transform_origin_tablet=\u00bb\u00bb transform_origin_phone=\u00bb\u00bb transform_origin_last_edited=\u00bbon|desktop\u00bb transform_styles_last_edited=\u00bbon|desktop\u00bb transform_styles_tablet=\u00bb\u00bb transform_styles_phone=\u00bb\u00bb border_width_all=\u00bb8px\u00bb border_color_all=\u00bb#1834a2&#8243; box_shadow_style=\u00bbpreset5&#8243; box_shadow_horizontal=\u00bb42px\u00bb box_shadow_vertical=\u00bb-38px\u00bb box_shadow_spread=\u00bb-23px\u00bb box_shadow_color=\u00bb#a4ec0f\u00bb][\/et_pb_gallery][\/et_pb_column][\/et_pb_row][\/et_pb_section][et_pb_section fb_built=\u00bb1&#8243; module_id=\u00bbcontacto\u00bb _builder_version=\u00bb4.4.1&#8243; background_color=\u00bb#e5e5e5&#8243; background_enable_image=\u00bboff\u00bb background_position=\u00bbtop_center\u00bb][et_pb_row _builder_version=\u00bb4.4.1&#8243;][et_pb_column type=\u00bb4_4&#8243; _builder_version=\u00bb4.4.1&#8243;][et_pb_text _builder_version=\u00bb4.4.1&#8243; text_font=\u00bbUbuntu|700|||||||\u00bb text_text_color=\u00bb#16317f\u00bb text_font_size=\u00bb18px\u00bb header_text_color=\u00bb#FFFFFF\u00bb header_2_font=\u00bbUbuntu|700|||||||\u00bb header_2_text_color=\u00bb#16317f\u00bb header_2_font_size=\u00bb46px\u00bb text_orientation=\u00bbcenter\u00bb width=\u00bb100%\u00bb width_tablet=\u00bb\u00bb width_phone=\u00bb100%\u00bb width_last_edited=\u00bbon|desktop\u00bb custom_padding=\u00bb||||false|false\u00bb custom_padding_tablet=\u00bb\u00bb custom_padding_phone=\u00bb20px||25px||false|false\u00bb custom_padding_last_edited=\u00bbon|phone\u00bb header_2_font_size_tablet=\u00bb\u00bb header_2_font_size_phone=\u00bb36px\u00bb header_2_font_size_last_edited=\u00bbon|phone\u00bb]<\/p>\n<h2 style=\"text-align: center;\">Ven a conocerlo<\/h2>\n<p style=\"text-align: center;\"><span><br \/> Programa una visita con nosotros y prueba el Coworking por un d\u00eda.<\/span><\/p>\n<p>[\/et_pb_text][dvppl_cf7_styler use_form_header=\u00bbon\u00bb form_header_text=\u00bbD\u00e9janos tus datos y te responderemos a la brevedad.\u00bb form_header_bottom=\u00bb20px\u00bb form_padding=\u00bb||||false|false\u00bb use_form_button_fullwidth=\u00bbon\u00bb cf7=\u00bb31&#8243; form_background_color=\u00bbrgba(22,49,127,0.5)\u00bb form_field_active_color=\u00bb#FFFFFF\u00bb _builder_version=\u00bb4.4.1&#8243; form_field_font_font=\u00bbUbuntu|500|||||||\u00bb form_field_font_text_color=\u00bb#FFFFFF\u00bb title_font=\u00bbUbuntu|700|||||||\u00bb title_text_color=\u00bb#16317f\u00bb title_font_size=\u00bb25px\u00bb text_font=\u00bbUbuntu||||||||\u00bb text_text_color=\u00bbrgba(0,0,0,0.75)\u00bb text_font_size=\u00bb15px\u00bb text_line_height=\u00bb1.2em\u00bb custom_submit_button=\u00bbon\u00bb submit_button_text_color=\u00bb#16317f\u00bb submit_button_bg_color=\u00bb#a4ec0f\u00bb submit_button_border_width=\u00bb0px\u00bb submit_button_font=\u00bbUbuntu|500|||||||\u00bb submit_button_custom_padding=\u00bb10px||10px||false|false\u00bb width=\u00bb50%\u00bb width_tablet=\u00bb\u00bb width_phone=\u00bb100%\u00bb width_last_edited=\u00bbon|phone\u00bb module_alignment=\u00bbcenter\u00bb custom_padding=\u00bb30px|30px||30px|false|false\u00bb submit_button_text_size_tablet=\u00bb\u00bb submit_button_text_size_phone=\u00bb14px\u00bb submit_button_text_size_last_edited=\u00bbon|phone\u00bb custom_css_main_element=\u00bbpadding-bottom:0px;\u00bb custom_css_cf7_fields=\u00bbmargin-bottom:10px;||color:#fff!important;\u00bb border_radii=\u00bbon|20px|20px|20px|20px\u00bb border_width_all=\u00bb3px\u00bb border_color_all=\u00bb#16317f\u00bb border_radii_field=\u00bbon|5px|5px|5px|5px\u00bb border_color_all_field=\u00bbrgba(0,0,0,0)\u00bb][\/dvppl_cf7_styler][\/et_pb_column][\/et_pb_row][\/et_pb_section]<\/p>\n","protected":false},"excerpt":{"rendered":"<p>[et_pb_section fb_built=\u00bb1&#8243; _builder_version=\u00bb4.4.1&#8243;][et_pb_row column_structure=\u00bb1_2,1_2&#8243; _builder_version=\u00bb4.4.1&#8243;][et_pb_column type=\u00bb1_2&#8243; _builder_version=\u00bb4.4.1&#8243;][et_pb_text _builder_version=\u00bb4.4.1&#8243; text_font=\u00bbUbuntu|700|||||||\u00bb text_text_color=\u00bbrgba(22,49,127,0.8)\u00bb text_font_size=\u00bb18px\u00bb header_2_font=\u00bbUbuntu|700|||||||\u00bb header_2_text_color=\u00bb#16317f\u00bb header_2_font_size=\u00bb45px\u00bb header_2_line_height=\u00bb1.1em\u00bb width=\u00bb90%\u00bb width_tablet=\u00bb\u00bb width_phone=\u00bb100%\u00bb width_last_edited=\u00bbon|desktop\u00bb header_2_font_size_tablet=\u00bb\u00bb header_2_font_size_phone=\u00bb36px\u00bb header_2_font_size_last_edited=\u00bbon|phone\u00bb] Tu espacio de trabajo Safe&amp;Protect desde 130\u20ac\/mes. Puestos fijos de trabajo a 5 minutos de las torres de Quart en Valencia. [\/et_pb_text][\/et_pb_column][et_pb_column type=\u00bb1_2&#8243; _builder_version=\u00bb4.4.1&#8243;][dvppl_cf7_styler use_form_header=\u00bbon\u00bb form_header_title=\u00bb\u00danete a nuestro ecosistema\u00bb form_header_text=\u00bbD\u00e9janos tus datos y [&hellip;]<\/p>\n","protected":false},"author":1,"featured_media":0,"parent":0,"menu_order":0,"comment_status":"closed","ping_status":"closed","template":"","meta":{"_et_pb_use_builder":"on","_et_pb_old_content":"","_et_gb_content_width":""},"_links":{"self":[{"href":"https:\/\/coworkingesfera.com\/index.php\/wp-json\/wp\/v2\/pages\/6"}],"collection":[{"href":"https:\/\/coworkingesfera.com\/index.php\/wp-json\/wp\/v2\/pages"}],"about":[{"href":"https:\/\/coworkingesfera.com\/index.php\/wp-json\/wp\/v2\/types\/page"}],"author":[{"embeddable":true,"href":"https:\/\/coworkingesfera.com\/index.php\/wp-json\/wp\/v2\/users\/1"}],"replies":[{"embeddable":true,"href":"https:\/\/coworkingesfera.com\/index.php\/wp-json\/wp\/v2\/comments?post=6"}],"version-history":[{"count":10,"href":"https:\/\/coworkingesfera.com\/index.php\/wp-json\/wp\/v2\/pages\/6\/revisions"}],"predecessor-version":[{"id":75,"href":"https:\/\/coworkingesfera.com\/index.php\/wp-json\/wp\/v2\/pages\/6\/revisions\/75"}],"wp:attachment":[{"href":"https:\/\/coworkingesfera.com\/index.php\/wp-json\/wp\/v2\/media?parent=6"}],"curies":[{"name":"wp","href":"https:\/\/api.w.org\/{rel}","templated":true}]}}